{"id":9842,"date":"2019-05-31T10:56:09","date_gmt":"2019-05-31T10:56:09","guid":{"rendered":"https:\/\/cotalba.es\/arquitectura-interior\/arma-christi\/"},"modified":"2021-09-21T15:45:17","modified_gmt":"2021-09-21T15:45:17","slug":"arma-christi","status":"publish","type":"page","link":"https:\/\/cotalba.es\/val\/arquitectura-interior\/arma-christi\/","title":{"rendered":"Arma Christi"},"content":{"rendered":"[vc_row type=&#8221;full_width_content&#8221; full_screen_row_position=&#8221;middle&#8221; bg_image=&#8221;7666&#8243; bg_position=&#8221;center center&#8221; bg_repeat=&#8221;no-repeat&#8221; parallax_bg=&#8221;true&#8221; parallax_bg_speed=&#8221;medium&#8221; scene_position=&#8221;center&#8221; text_color=&#8221;dark&#8221; text_align=&#8221;left&#8221; top_padding=&#8221;200&#8243; bottom_padding=&#8221;200&#8243; overlay_strength=&#8221;0.3&#8243; shape_divider_position=&#8221;bottom&#8221; shape_type=&#8221;&#8221;][vc_column column_padding=&#8221;padding-10-percent&#8221; column_padding_position=&#8221;left-right&#8221; background_color_opacity=&#8221;1&#8243; background_hover_color_opacity=&#8221;1&#8243; column_link_target=&#8221;_self&#8221; column_shadow=&#8221;none&#8221; column_border_radius=&#8221;none&#8221; width=&#8221;1\/1&#8243; tablet_width_inherit=&#8221;default&#8221; tablet_text_alignment=&#8221;default&#8221; phone_text_alignment=&#8221;default&#8221; column_border_width=&#8221;none&#8221; column_border_style=&#8221;solid&#8221;][vc_row_inner equal_height=&#8221;yes&#8221; content_placement=&#8221;middle&#8221; column_margin=&#8221;default&#8221; text_align=&#8221;left&#8221;][vc_column_inner column_padding=&#8221;padding-5-percent&#8221; column_padding_position=&#8221;all&#8221; background_color=&#8221;#1d0e00&#8243; background_color_opacity=&#8221;0.6&#8243; background_hover_color_opacity=&#8221;1&#8243; column_shadow=&#8221;none&#8221; column_border_radius=&#8221;none&#8221; column_link_target=&#8221;_self&#8221; width=&#8221;2\/3&#8243; tablet_width_inherit=&#8221;default&#8221; column_border_width=&#8221;none&#8221; column_border_style=&#8221;solid&#8221;][vc_custom_heading text=&#8221;Arma Christi&#8221; font_container=&#8221;tag:h1|text_align:left|color:%23ffffff&#8221; use_theme_fonts=&#8221;yes&#8221;][vc_custom_heading text=&#8221;El buit original d\u2019acc\u00e9s a l\u2019escala des de la planta baixa era d\u2019estil g\u00f2tic valenci\u00e0 amb forma d\u2019arc conopial, existint marques de la barana original.&#8221; font_container=&#8221;tag:h4|text_align:left|color:%23ffffff&#8221; use_theme_fonts=&#8221;yes&#8221;][\/vc_column_inner][vc_column_inner column_padding=&#8221;padding-5-percent&#8221; column_padding_position=&#8221;left-right&#8221; background_color_opacity=&#8221;1&#8243; background_hover_color_opacity=&#8221;1&#8243; column_shadow=&#8221;none&#8221; column_border_radius=&#8221;none&#8221; column_link_target=&#8221;_self&#8221; width=&#8221;1\/3&#8243; tablet_width_inherit=&#8221;default&#8221; column_border_width=&#8221;none&#8221; column_border_style=&#8221;solid&#8221;][\/vc_column_inner][\/vc_row_inner][\/vc_column][\/vc_row][vc_row type=&#8221;full_width_content&#8221; full_screen_row_position=&#8221;middle&#8221; equal_height=&#8221;yes&#8221; content_placement=&#8221;top&#8221; scene_position=&#8221;center&#8221; text_color=&#8221;dark&#8221; text_align=&#8221;left&#8221; top_padding=&#8221;60&#8243; class=&#8221;colum-destok&#8221; overlay_strength=&#8221;0.3&#8243; shape_divider_position=&#8221;bottom&#8221; shape_type=&#8221;&#8221;][vc_column column_padding=&#8221;padding-5-percent&#8221; column_padding_position=&#8221;left-right&#8221; background_color_opacity=&#8221;1&#8243; background_hover_color_opacity=&#8221;1&#8243; column_link_target=&#8221;_self&#8221; column_shadow=&#8221;none&#8221; column_border_radius=&#8221;none&#8221; width=&#8221;1\/1&#8243; tablet_width_inherit=&#8221;default&#8221; tablet_text_alignment=&#8221;default&#8221; phone_text_alignment=&#8221;default&#8221; column_border_width=&#8221;none&#8221; column_border_style=&#8221;solid&#8221;][vc_row_inner equal_height=&#8221;yes&#8221; content_placement=&#8221;top&#8221; column_margin=&#8221;default&#8221; text_align=&#8221;left&#8221;][vc_column_inner column_padding=&#8221;padding-5-percent&#8221; column_padding_position=&#8221;left-right&#8221; background_color_opacity=&#8221;1&#8243; background_hover_color_opacity=&#8221;1&#8243; column_shadow=&#8221;none&#8221; column_border_radius=&#8221;none&#8221; top_margin=&#8221;30&#8243; column_link_target=&#8221;_self&#8221; width=&#8221;1\/2&#8243; tablet_width_inherit=&#8221;default&#8221; column_border_width=&#8221;none&#8221; column_border_style=&#8221;solid&#8221;][nectar_btn size=&#8221;large&#8221; open_new_tab=&#8221;true&#8221; button_style=&#8221;regular&#8221; button_color_2=&#8221;Accent-Color&#8221; icon_family=&#8221;none&#8221; url=&#8221;https:\/\/www.mgticket.com\/cotalba\/public\/janto\/&#8221; text=&#8221;Comprar entrada&#8221; margin_top=&#8221;30&#8243;][\/vc_column_inner][vc_column_inner column_padding=&#8221;padding-5-percent&#8221; column_padding_position=&#8221;left-right&#8221; background_color_opacity=&#8221;1&#8243; background_hover_color_opacity=&#8221;1&#8243; column_shadow=&#8221;none&#8221; column_border_radius=&#8221;none&#8221; top_margin=&#8221;-150&#8243; column_link_target=&#8221;_self&#8221; width=&#8221;1\/2&#8243; tablet_width_inherit=&#8221;default&#8221; column_border_width=&#8221;none&#8221; column_border_style=&#8221;solid&#8221;][vc_raw_html]JTNDaWZyYW1lJTIwc3JjJTNEJTIyaHR0cHMlM0ElMkYlMkZ3d3cuZ29vZ2xlLmNvbSUyRm1hcHMlMkZlbWJlZCUzRnBiJTNEJTIxNHYxNTQ2NTIxOTMyMzMwJTIxNm04JTIxMW03JTIxMXNDQW9TTEVGR01WRnBjRTB0Y2xvMlYwaFllV0owYzNaTVdXMXhNRE5NV1V0SVlrbFZiV2t0TFhGUE5sOXBiMDlFJTIxMm0yJTIxMWQzOC45NDA5Nzk5ODY3NjQ3NyUyMTJkLTAuMjQ2MTA2MjY2MTEwNzAwNyUyMTNmMzQ4Ljk1ODI4NTEyMjEyNzUlMjE0ZjEuOTg2ODg2Mjg3Mzc1OTk1MiUyMTVmMC40MDAwMDAwMDAwMDAwMDAyJTIyJTIwd2lkdGglM0QlMjIxMDAlMjUlMjIlMjBoZWlnaHQlM0QlMjI1MDAlMjIlMjBmcmFtZWJvcmRlciUzRCUyMjAlMjIlMjBzdHlsZSUzRCUyMmJvcmRlciUzQTAlMjIlMjBhbGxvd2Z1bGxzY3JlZW4lM0UlM0MlMkZpZnJhbWUlM0U=[\/vc_raw_html][\/vc_column_inner][\/vc_row_inner][\/vc_column][\/vc_row][vc_row type=&#8221;full_width_content&#8221; full_screen_row_position=&#8221;middle&#8221; equal_height=&#8221;yes&#8221; content_placement=&#8221;top&#8221; scene_position=&#8221;center&#8221; text_color=&#8221;dark&#8221; text_align=&#8221;left&#8221; top_padding=&#8221;30&#8243; class=&#8221;colum-mobile&#8221; overlay_strength=&#8221;0.3&#8243; shape_divider_position=&#8221;bottom&#8221; shape_type=&#8221;&#8221;][vc_column column_padding=&#8221;padding-5-percent&#8221; column_padding_position=&#8221;left-right&#8221; background_color_opacity=&#8221;1&#8243; background_hover_color_opacity=&#8221;1&#8243; column_link_target=&#8221;_self&#8221; column_shadow=&#8221;none&#8221; column_border_radius=&#8221;none&#8221; width=&#8221;1\/1&#8243; tablet_width_inherit=&#8221;default&#8221; tablet_text_alignment=&#8221;default&#8221; phone_text_alignment=&#8221;default&#8221; column_border_width=&#8221;none&#8221; column_border_style=&#8221;solid&#8221;][vc_row_inner equal_height=&#8221;yes&#8221; content_placement=&#8221;top&#8221; column_margin=&#8221;default&#8221; text_align=&#8221;left&#8221;][vc_column_inner column_padding=&#8221;padding-5-percent&#8221; column_padding_position=&#8221;left-right&#8221; background_color_opacity=&#8221;1&#8243; background_hover_color_opacity=&#8221;1&#8243; column_shadow=&#8221;none&#8221; column_border_radius=&#8221;none&#8221; top_margin=&#8221;-150&#8243; column_link_target=&#8221;_self&#8221; width=&#8221;1\/2&#8243; tablet_width_inherit=&#8221;default&#8221; column_border_width=&#8221;none&#8221; column_border_style=&#8221;solid&#8221;][vc_raw_html]JTNDaWZyYW1lJTIwc3JjJTNEJTIyaHR0cHMlM0ElMkYlMkZ3d3cuZ29vZ2xlLmNvbSUyRm1hcHMlMkZlbWJlZCUzRnBiJTNEJTIxNHYxNTQ2NTIxOTMyMzMwJTIxNm04JTIxMW03JTIxMXNDQW9TTEVGR01WRnBjRTB0Y2xvMlYwaFllV0owYzNaTVdXMXhNRE5NV1V0SVlrbFZiV2t0TFhGUE5sOXBiMDlFJTIxMm0yJTIxMWQzOC45NDA5Nzk5ODY3NjQ3NyUyMTJkLTAuMjQ2MTA2MjY2MTEwNzAwNyUyMTNmMzQ4Ljk1ODI4NTEyMjEyNzUlMjE0ZjEuOTg2ODg2Mjg3Mzc1OTk1MiUyMTVmMC40MDAwMDAwMDAwMDAwMDAyJTIyJTIwd2lkdGglM0QlMjIxMDAlMjUlMjIlMjBoZWlnaHQlM0QlMjI1MDAlMjIlMjBmcmFtZWJvcmRlciUzRCUyMjAlMjIlMjBzdHlsZSUzRCUyMmJvcmRlciUzQTAlMjIlMjBhbGxvd2Z1bGxzY3JlZW4lM0UlM0MlMkZpZnJhbWUlM0U=[\/vc_raw_html][\/vc_column_inner][vc_column_inner column_padding=&#8221;padding-5-percent&#8221; column_padding_position=&#8221;left-right&#8221; background_color_opacity=&#8221;1&#8243; background_hover_color_opacity=&#8221;1&#8243; column_shadow=&#8221;none&#8221; column_border_radius=&#8221;none&#8221; top_margin=&#8221;30&#8243; column_link_target=&#8221;_self&#8221; width=&#8221;1\/2&#8243; tablet_width_inherit=&#8221;default&#8221; column_border_width=&#8221;none&#8221; column_border_style=&#8221;solid&#8221;][nectar_btn size=&#8221;large&#8221; open_new_tab=&#8221;true&#8221; button_style=&#8221;regular&#8221; button_color_2=&#8221;Accent-Color&#8221; icon_family=&#8221;none&#8221; url=&#8221;https:\/\/www.mgticket.com\/cotalba\/public\/janto\/&#8221; text=&#8221;Comprar entrada&#8221; margin_top=&#8221;30&#8243;][\/vc_column_inner][\/vc_row_inner][\/vc_column][\/vc_row][vc_row type=&#8221;full_width_content&#8221; full_screen_row_position=&#8221;middle&#8221; scene_position=&#8221;center&#8221; text_color=&#8221;dark&#8221; text_align=&#8221;left&#8221; top_padding=&#8221;60&#8243; overlay_strength=&#8221;0.3&#8243; shape_divider_position=&#8221;bottom&#8221; shape_type=&#8221;&#8221;][vc_column column_padding=&#8221;padding-10-percent&#8221; column_padding_position=&#8221;left-right&#8221; background_color_opacity=&#8221;1&#8243; background_hover_color_opacity=&#8221;1&#8243; column_link_target=&#8221;_self&#8221; column_shadow=&#8221;none&#8221; column_border_radius=&#8221;none&#8221; width=&#8221;1\/1&#8243; tablet_width_inherit=&#8221;default&#8221; tablet_text_alignment=&#8221;default&#8221; phone_text_alignment=&#8221;default&#8221; column_border_width=&#8221;none&#8221; column_border_style=&#8221;solid&#8221;][vc_row_inner column_margin=&#8221;default&#8221; text_align=&#8221;left&#8221;][vc_column_inner column_padding=&#8221;no-extra-padding&#8221; column_padding_position=&#8221;all&#8221; background_color=&#8221;#ffffff&#8221; background_color_opacity=&#8221;1&#8243; background_hover_color_opacity=&#8221;1&#8243; column_shadow=&#8221;none&#8221; column_border_radius=&#8221;none&#8221; bottom_margin=&#8221;100&#8243; column_link_target=&#8221;_self&#8221; width=&#8221;1\/1&#8243; tablet_width_inherit=&#8221;default&#8221; column_border_width=&#8221;none&#8221; column_border_style=&#8221;solid&#8221;][vc_gallery type=&#8221;flickity_style&#8221; images=&#8221;8262,7738,8396,8397,8398,8399&#8243; flickity_controls=&#8221;pagination&#8221; flickity_desktop_columns=&#8221;1&#8243; flickity_small_desktop_columns=&#8221;1&#8243; flickity_tablet_columns=&#8221;1&#8243; flickity_box_shadow=&#8221;none&#8221; onclick=&#8221;link_image&#8221; img_size=&#8221;600&#215;400&#8243;][\/vc_column_inner][\/vc_row_inner][\/vc_column][\/vc_row][vc_row type=&#8221;full_width_content&#8221; full_screen_row_position=&#8221;middle&#8221; scene_position=&#8221;center&#8221; text_color=&#8221;dark&#8221; text_align=&#8221;left&#8221; overlay_strength=&#8221;0.3&#8243; shape_divider_position=&#8221;bottom&#8221; shape_type=&#8221;&#8221;][vc_column column_padding=&#8221;padding-10-percent&#8221; column_padding_position=&#8221;left-right&#8221; background_color_opacity=&#8221;1&#8243; background_hover_color_opacity=&#8221;1&#8243; column_link_target=&#8221;_self&#8221; column_shadow=&#8221;none&#8221; column_border_radius=&#8221;none&#8221; width=&#8221;1\/1&#8243; tablet_width_inherit=&#8221;default&#8221; tablet_text_alignment=&#8221;default&#8221; phone_text_alignment=&#8221;default&#8221; column_border_width=&#8221;none&#8221; column_border_style=&#8221;solid&#8221;][vc_row_inner column_margin=&#8221;default&#8221; top_padding=&#8221;30&#8243; text_align=&#8221;left&#8221;][vc_column_inner column_padding=&#8221;padding-5-percent&#8221; column_padding_position=&#8221;right&#8221; background_color_opacity=&#8221;1&#8243; background_hover_color_opacity=&#8221;1&#8243; column_shadow=&#8221;none&#8221; column_border_radius=&#8221;none&#8221; column_link_target=&#8221;_self&#8221; width=&#8221;1\/2&#8243; tablet_width_inherit=&#8221;default&#8221; column_border_width=&#8221;none&#8221; column_border_style=&#8221;solid&#8221;][vc_column_text]El buit original d\u2019acc\u00e9s a l\u2019escala des de la planta baixa era d\u2019estil g\u00f2tic valenci\u00e0 amb forma d\u2019arc conopial, existint marques de la barana original.<\/p>\n<p>El buit del finestral fon realitzat amb un arc escarser rebaixat i correspon al baix g\u00f2tic. El buit estava tapiat per una reforma dels monjos del segle XVIII, per\u00f2 estava obert en l\u2019\u00e8poca en el que es constru\u00efx.<\/p>\n<p>Existix una volta en la planta baixa de l\u2019escala de tra\u00e7a barroca o neocl\u00e0ssica de 1759. Apareix un flor\u00f3 central amb un \u00e0ngel com els de les m\u00e8nsules del claustre est, sent de la mateixa \u00e8poca. Degu\u00e9 pert\u00e0nyer a altra volta g\u00f2tica preexistent.<\/p>\n<p>La porta i escala Arma Christi o \u201cporta dels lleons\u201d s\u00f3n obra de Pere Compte i els \u00e0ngels s\u00f3n atribu\u00efts a Dami\u00e0 Forment. Es realitzaren per enc\u00e0rrec de Mar\u00eda Enr\u00edquez de Luna, duquessa de Gandia, entre 1505 i 1510.<\/p>\n<p>Per aix\u00f2, apareix un \u00e0ngel que sost\u00e9 l\u2019escut de la duquessa en el centre de dos arcs conopials lobulats, recolzats en dos capitells i columna central amb fust estriat en espiral.[\/vc_column_text][\/vc_column_inner][vc_column_inner column_padding=&#8221;no-extra-padding&#8221; column_padding_position=&#8221;all&#8221; background_color_opacity=&#8221;1&#8243; background_hover_color_opacity=&#8221;1&#8243; column_shadow=&#8221;none&#8221; column_border_radius=&#8221;none&#8221; column_link_target=&#8221;_self&#8221; width=&#8221;1\/2&#8243; tablet_width_inherit=&#8221;default&#8221; column_border_width=&#8221;none&#8221; column_border_style=&#8221;solid&#8221;][vc_column_text]Els dos lleons que hi ha al costat de la porta sostenen tamb\u00e9 l\u2019escut de la duquessa de Gandia. Es conserven tres escalons de l\u2019escala original, empotrats a l\u2019altura d\u2019arribada de l\u2019escala al primer pis.<\/p>\n<p>Trobem una barana-mirador sobre el buit de l\u2019escala, amb celo flam\u00edger de qualitat i dataci\u00f3 equivalent a l\u2019escala flam\u00edgera de l\u2019antic refectori, actualment la capella de la Mare de D\u00e9u de la Salut.<\/p>\n<p>L\u2019escala Arma Christi constru\u00efda en el segle XVI era flam\u00edgera en origen, per\u00f2 despr\u00e9s de patir desperfectes per causa d\u2019un terratr\u00e8mol, els monjos realitzaren una reconstrucci\u00f3 prou senzilla amb fang cuit. Per ella s\u2019accedix a la dreta a les cel.les i a l\u2019esquerra a una cambra que tal volta es va usar per al assecat d\u2019aliments.<\/p>\n<p>La destrucci\u00f3 d\u2019esta escala del monasteri degu\u00e9 produir-se a mediats del segle XVIII per a augmentar la producci\u00f3 agr\u00edcola, ja que obstaculitzava l\u2019ampliaci\u00f3 dels dep\u00f2sits del monasteri.[\/vc_column_text][\/vc_column_inner][\/vc_row_inner][\/vc_column][\/vc_row]\n","protected":false},"excerpt":{"rendered":"<p>[vc_row type=&#8221;full_width_content&#8221; full_screen_row_position=&#8221;middle&#8221; bg_image=&#8221;7666&#8243; bg_position=&#8221;center center&#8221; bg_repeat=&#8221;no-repeat&#8221; parallax_bg=&#8221;true&#8221; parallax_bg_speed=&#8221;medium&#8221; scene_position=&#8221;center&#8221; text_color=&#8221;dark&#8221; text_align=&#8221;left&#8221; top_padding=&#8221;200&#8243; bottom_padding=&#8221;200&#8243; overlay_strength=&#8221;0.3&#8243; shape_divider_position=&#8221;bottom&#8221; shape_type=&#8221;&#8221;][vc_column column_padding=&#8221;padding-10-percent&#8221; column_padding_position=&#8221;left-right&#8221; background_color_opacity=&#8221;1&#8243; background_hover_color_opacity=&#8221;1&#8243; column_link_target=&#8221;_self&#8221; column_shadow=&#8221;none&#8221; column_border_radius=&#8221;none&#8221; width=&#8221;1\/1&#8243; tablet_width_inherit=&#8221;default&#8221; tablet_text_alignment=&#8221;default&#8221; phone_text_alignment=&#8221;default&#8221; column_border_width=&#8221;none&#8221; column_border_style=&#8221;solid&#8221;][vc_row_inner equal_height=&#8221;yes&#8221; content_placement=&#8221;middle&#8221; column_margin=&#8221;default&#8221; text_align=&#8221;left&#8221;][vc_column_inner column_padding=&#8221;padding-5-percent&#8221; column_padding_position=&#8221;all&#8221; background_color=&#8221;#1d0e00&#8243; background_color_opacity=&#8221;0.6&#8243; background_hover_color_opacity=&#8221;1&#8243; column_shadow=&#8221;none&#8221; column_border_radius=&#8221;none&#8221; column_link_target=&#8221;_self&#8221; width=&#8221;2\/3&#8243; tablet_width_inherit=&#8221;default&#8221; column_border_width=&#8221;none&#8221; column_border_style=&#8221;solid&#8221;][vc_custom_heading text=&#8221;Arma Christi&#8221; font_container=&#8221;tag:h1|text_align:left|color:%23ffffff&#8221; use_theme_fonts=&#8221;yes&#8221;][vc_custom_heading&#8230;<\/p>\n","protected":false},"author":1,"featured_media":0,"parent":9839,"menu_order":0,"comment_status":"closed","ping_status":"closed","template":"","meta":{"footnotes":""},"class_list":["post-9842","page","type-page","status-publish"],"yoast_head":"<!-- This site is optimized with the Yoast SEO plugin v27.5 - https:\/\/yoast.com\/product\/yoast-seo-wordpress\/ -->\n<title>Arma Christi - Monasteri de Sant Jeroni<\/title>\n<meta name=\"description\" content=\"El buit original d\u2019acc\u00e9s a l\u2019escala des de la planta baixa era d\u2019estil g\u00f2tic valenci\u00e0 amb forma d\u2019arc conopial, existint marques de la barana original.\" \/>\n<meta name=\"robots\" content=\"index, follow, max-snippet:-1, max-image-preview:large, max-video-preview:-1\" \/>\n<link rel=\"canonical\" href=\"https:\/\/cotalba.es\/val\/arquitectura-interior\/arma-christi\/\" \/>\n<meta property=\"og:locale\" content=\"en_US\" \/>\n<meta property=\"og:type\" content=\"article\" \/>\n<meta property=\"og:title\" content=\"Arma Christi - Monasteri de Sant Jeroni\" \/>\n<meta property=\"og:description\" content=\"El buit original d\u2019acc\u00e9s a l\u2019escala des de la planta baixa era d\u2019estil g\u00f2tic valenci\u00e0 amb forma d\u2019arc conopial, existint marques de la barana original.\" \/>\n<meta property=\"og:url\" content=\"https:\/\/cotalba.es\/val\/arquitectura-interior\/arma-christi\/\" \/>\n<meta property=\"og:site_name\" content=\"Monasterio de Sant Jeroni de Cotalba\" \/>\n<meta property=\"article:modified_time\" content=\"2021-09-21T15:45:17+00:00\" \/>\n<meta name=\"twitter:card\" content=\"summary_large_image\" \/>\n<meta name=\"twitter:label1\" content=\"Est. reading time\" \/>\n\t<meta name=\"twitter:data1\" content=\"8 minutes\" \/>\n<script type=\"application\/ld+json\" class=\"yoast-schema-graph\">{\"@context\":\"https:\\\/\\\/schema.org\",\"@graph\":[{\"@type\":\"WebPage\",\"@id\":\"https:\\\/\\\/cotalba.es\\\/val\\\/arquitectura-interior\\\/arma-christi\\\/\",\"url\":\"https:\\\/\\\/cotalba.es\\\/val\\\/arquitectura-interior\\\/arma-christi\\\/\",\"name\":\"Arma Christi - Monasteri de Sant Jeroni\",\"isPartOf\":{\"@id\":\"https:\\\/\\\/cotalba.es\\\/#website\"},\"datePublished\":\"2019-05-31T10:56:09+00:00\",\"dateModified\":\"2021-09-21T15:45:17+00:00\",\"description\":\"El buit original d\u2019acc\u00e9s a l\u2019escala des de la planta baixa era d\u2019estil g\u00f2tic valenci\u00e0 amb forma d\u2019arc conopial, existint marques de la barana original.\",\"breadcrumb\":{\"@id\":\"https:\\\/\\\/cotalba.es\\\/val\\\/arquitectura-interior\\\/arma-christi\\\/#breadcrumb\"},\"inLanguage\":\"val\",\"potentialAction\":[{\"@type\":\"ReadAction\",\"target\":[\"https:\\\/\\\/cotalba.es\\\/val\\\/arquitectura-interior\\\/arma-christi\\\/\"]}]},{\"@type\":\"BreadcrumbList\",\"@id\":\"https:\\\/\\\/cotalba.es\\\/val\\\/arquitectura-interior\\\/arma-christi\\\/#breadcrumb\",\"itemListElement\":[{\"@type\":\"ListItem\",\"position\":1,\"name\":\"Inicio\",\"item\":\"https:\\\/\\\/cotalba.es\\\/val\\\/\"},{\"@type\":\"ListItem\",\"position\":2,\"name\":\"Arquitectura interior\",\"item\":\"https:\\\/\\\/cotalba.es\\\/val\\\/arquitectura-interior\\\/\"},{\"@type\":\"ListItem\",\"position\":3,\"name\":\"Arma Christi\"}]},{\"@type\":\"WebSite\",\"@id\":\"https:\\\/\\\/cotalba.es\\\/#website\",\"url\":\"https:\\\/\\\/cotalba.es\\\/\",\"name\":\"Monasterio de Sant Jeroni de Cotalba\",\"description\":\"Monasterio de Sant Jeroni de Cotalba\",\"potentialAction\":[{\"@type\":\"SearchAction\",\"target\":{\"@type\":\"EntryPoint\",\"urlTemplate\":\"https:\\\/\\\/cotalba.es\\\/?s={search_term_string}\"},\"query-input\":{\"@type\":\"PropertyValueSpecification\",\"valueRequired\":true,\"valueName\":\"search_term_string\"}}],\"inLanguage\":\"val\"}]}<\/script>\n<!-- \/ Yoast SEO plugin. -->","yoast_head_json":{"title":"Arma Christi - Monasteri de Sant Jeroni","description":"El buit original d\u2019acc\u00e9s a l\u2019escala des de la planta baixa era d\u2019estil g\u00f2tic valenci\u00e0 amb forma d\u2019arc conopial, existint marques de la barana original.","robots":{"index":"index","follow":"follow","max-snippet":"max-snippet:-1","max-image-preview":"max-image-preview:large","max-video-preview":"max-video-preview:-1"},"canonical":"https:\/\/cotalba.es\/val\/arquitectura-interior\/arma-christi\/","og_locale":"en_US","og_type":"article","og_title":"Arma Christi - Monasteri de Sant Jeroni","og_description":"El buit original d\u2019acc\u00e9s a l\u2019escala des de la planta baixa era d\u2019estil g\u00f2tic valenci\u00e0 amb forma d\u2019arc conopial, existint marques de la barana original.","og_url":"https:\/\/cotalba.es\/val\/arquitectura-interior\/arma-christi\/","og_site_name":"Monasterio de Sant Jeroni de Cotalba","article_modified_time":"2021-09-21T15:45:17+00:00","twitter_card":"summary_large_image","twitter_misc":{"Est. reading time":"8 minutes"},"schema":{"@context":"https:\/\/schema.org","@graph":[{"@type":"WebPage","@id":"https:\/\/cotalba.es\/val\/arquitectura-interior\/arma-christi\/","url":"https:\/\/cotalba.es\/val\/arquitectura-interior\/arma-christi\/","name":"Arma Christi - Monasteri de Sant Jeroni","isPartOf":{"@id":"https:\/\/cotalba.es\/#website"},"datePublished":"2019-05-31T10:56:09+00:00","dateModified":"2021-09-21T15:45:17+00:00","description":"El buit original d\u2019acc\u00e9s a l\u2019escala des de la planta baixa era d\u2019estil g\u00f2tic valenci\u00e0 amb forma d\u2019arc conopial, existint marques de la barana original.","breadcrumb":{"@id":"https:\/\/cotalba.es\/val\/arquitectura-interior\/arma-christi\/#breadcrumb"},"inLanguage":"val","potentialAction":[{"@type":"ReadAction","target":["https:\/\/cotalba.es\/val\/arquitectura-interior\/arma-christi\/"]}]},{"@type":"BreadcrumbList","@id":"https:\/\/cotalba.es\/val\/arquitectura-interior\/arma-christi\/#breadcrumb","itemListElement":[{"@type":"ListItem","position":1,"name":"Inicio","item":"https:\/\/cotalba.es\/val\/"},{"@type":"ListItem","position":2,"name":"Arquitectura interior","item":"https:\/\/cotalba.es\/val\/arquitectura-interior\/"},{"@type":"ListItem","position":3,"name":"Arma Christi"}]},{"@type":"WebSite","@id":"https:\/\/cotalba.es\/#website","url":"https:\/\/cotalba.es\/","name":"Monasterio de Sant Jeroni de Cotalba","description":"Monasterio de Sant Jeroni de Cotalba","potentialAction":[{"@type":"SearchAction","target":{"@type":"EntryPoint","urlTemplate":"https:\/\/cotalba.es\/?s={search_term_string}"},"query-input":{"@type":"PropertyValueSpecification","valueRequired":true,"valueName":"search_term_string"}}],"inLanguage":"val"}]}},"_links":{"self":[{"href":"https:\/\/cotalba.es\/val\/wp-json\/wp\/v2\/pages\/9842","targetHints":{"allow":["GET"]}}],"collection":[{"href":"https:\/\/cotalba.es\/val\/wp-json\/wp\/v2\/pages"}],"about":[{"href":"https:\/\/cotalba.es\/val\/wp-json\/wp\/v2\/types\/page"}],"author":[{"embeddable":true,"href":"https:\/\/cotalba.es\/val\/wp-json\/wp\/v2\/users\/1"}],"replies":[{"embeddable":true,"href":"https:\/\/cotalba.es\/val\/wp-json\/wp\/v2\/comments?post=9842"}],"version-history":[{"count":4,"href":"https:\/\/cotalba.es\/val\/wp-json\/wp\/v2\/pages\/9842\/revisions"}],"predecessor-version":[{"id":12565,"href":"https:\/\/cotalba.es\/val\/wp-json\/wp\/v2\/pages\/9842\/revisions\/12565"}],"up":[{"embeddable":true,"href":"https:\/\/cotalba.es\/val\/wp-json\/wp\/v2\/pages\/9839"}],"wp:attachment":[{"href":"https:\/\/cotalba.es\/val\/wp-json\/wp\/v2\/media?parent=9842"}],"curies":[{"name":"wp","href":"https:\/\/api.w.org\/{rel}","templated":true}]}}